{"id":124,"date":"2025-01-28T01:10:49","date_gmt":"2025-01-28T00:10:49","guid":{"rendered":"https:\/\/s-service.pl\/?page_id=124"},"modified":"2025-01-28T10:14:40","modified_gmt":"2025-01-28T09:14:40","slug":"alarmy","status":"publish","type":"page","link":"https:\/\/s-service.pl\/?page_id=124","title":{"rendered":"Systemy alarmowe"},"content":{"rendered":"\n<div class=\"wp-block-cover is-light\"><span aria-hidden=\"true\" class=\"wp-block-cover__background has-background-dim\" style=\"background-color:#989a9a\"><\/span><img loading=\"lazy\" decoding=\"async\" width=\"2560\" height=\"2560\" class=\"wp-block-cover__image-background wp-image-73\" alt=\"\" src=\"https:\/\/s-service.pl\/wp-content\/uploads\/2025\/01\/20230713_143331-scaled.jpg\" data-object-fit=\"cover\" srcset=\"https:\/\/s-service.pl\/wp-content\/uploads\/2025\/01\/20230713_143331-scaled.jpg 2560w, https:\/\/s-service.pl\/wp-content\/uploads\/2025\/01\/20230713_143331-300x300.jpg 300w, https:\/\/s-service.pl\/wp-content\/uploads\/2025\/01\/20230713_143331-1024x1024.jpg 1024w, https:\/\/s-service.pl\/wp-content\/uploads\/2025\/01\/20230713_143331-150x150.jpg 150w, https:\/\/s-service.pl\/wp-content\/uploads\/2025\/01\/20230713_143331-768x768.jpg 768w, https:\/\/s-service.pl\/wp-content\/uploads\/2025\/01\/20230713_143331-1536x1536.jpg 1536w, https:\/\/s-service.pl\/wp-content\/uploads\/2025\/01\/20230713_143331-2048x2048.jpg 2048w\" sizes=\"auto, (max-width: 2560px) 100vw, 2560px\" \/><div class=\"wp-block-cover__inner-container is-layout-constrained wp-block-cover-is-layout-constrained\">\n<p class=\"has-text-align-left has-large-font-size\">Systemy alarmowe:<\/p>\n\n\n\n<ul class=\"wp-block-list\">\n<li>alarmy przewodowe <\/li>\n\n\n\n<li>alarmy bezprzewodowe<\/li>\n\n\n\n<li>czujki ruchu<\/li>\n\n\n\n<li>manpipulatory<\/li>\n\n\n\n<li>sygnalizatory<\/li>\n<\/ul>\n<\/div><\/div>\n\n\n\n<div class=\"wp-block-columns is-layout-flex wp-container-core-columns-is-layout-28f84493 wp-block-columns-is-layout-flex\">\n<div class=\"wp-block-column is-layout-flow wp-block-column-is-layout-flow\" style=\"flex-basis:66.66%\">\n<p><strong>Alarmy przewodowe i bezprzewodowe \u2013 Kompleksowe rozwi\u0105zania ochrony<\/strong><\/p>\n\n\n\n<p>Oferujemy profesjonalne systemy alarmowe, kt\u00f3re zapewniaj\u0105 bezpiecze\u0144stwo Twojego domu, firmy lub obiektu. Specjalizujemy si\u0119 w sprzeda\u017cy, monta\u017cu, serwisie oraz szkoleniach z zakresu system\u00f3w alarmowych, dostosowanych do indywidualnych potrzeb klient\u00f3w. Nasze systemy obejmuj\u0105 zar\u00f3wno rozwi\u0105zania przewodowe, jak i bezprzewodowe, zapewniaj\u0105c elastyczno\u015b\u0107 i wygod\u0119 w ka\u017cdym przypadku.<\/p>\n\n\n\n<h3 class=\"wp-block-heading\">Kluczowe elementy systemu alarmowego:<\/h3>\n\n\n\n<ul class=\"wp-block-list\">\n<li><strong>Czujki ruchu<\/strong> \u2013 nowoczesne czujniki wykrywaj\u0105ce wszelkie ruchy w chronionym obszarze, kt\u00f3re w momencie wykrycia zagro\u017cenia natychmiastowo uruchamiaj\u0105 alarm. Oferujemy czujki o r\u00f3\u017cnym zakresie czu\u0142o\u015bci, dopasowane do charakterystyki obiektu.<\/li>\n\n\n\n<li><strong>Sygnalizatory<\/strong> \u2013 urz\u0105dzenia, kt\u00f3re informuj\u0105 o zagro\u017ceniu w spos\u00f3b d\u017awi\u0119kowy lub wizualny, odstraszaj\u0105c intruz\u00f3w oraz alarmuj\u0105c u\u017cytkownik\u00f3w i osoby w pobli\u017cu. Nasze sygnalizatory cechuje wysoka efektywno\u015b\u0107 i niezawodno\u015b\u0107.<\/li>\n\n\n\n<li><strong>Manipulator<\/strong> \u2013 urz\u0105dzenie umo\u017cliwiaj\u0105ce \u0142atwe zarz\u0105dzanie systemem alarmowym. Z manipulatora mo\u017cna uruchamia\u0107 i dezaktywowa\u0107 alarm, a tak\u017ce kontrolowa\u0107 parametry systemu. Proste w obs\u0142udze, dost\u0119pne w wersjach przewodowych i bezprzewodowych.<\/li>\n\n\n\n<li><strong>Powiadomienia<\/strong> \u2013 dzi\u0119ki integracji z nowoczesnymi systemami, nasze alarmy mog\u0105 wysy\u0142a\u0107 natychmiastowe powiadomienia na telefon, e-mail lub aplikacj\u0119 mobiln\u0105. W ten spos\u00f3b masz pe\u0142n\u0105 kontrol\u0119 nad stanem bezpiecze\u0144stwa swojego obiektu, niezale\u017cnie od miejsca, w kt\u00f3rym si\u0119 znajdujesz.<\/li>\n\n\n\n<li><strong>Zdalna obs\u0142uga<\/strong> \u2013 w ramach naszych system\u00f3w oferujemy mo\u017cliwo\u015b\u0107 zdalnego zarz\u0105dzania i monitorowania alarm\u00f3w. Poprzez aplikacj\u0119 mobiln\u0105 lub platform\u0119 internetow\u0105 mo\u017cesz zdalnie w\u0142\u0105cza\u0107 i wy\u0142\u0105cza\u0107 alarm, sprawdza\u0107 status systemu czy otrzymywa\u0107 powiadomienia o zdarzeniach.<\/li>\n<\/ul>\n\n\n\n<h3 class=\"wp-block-heading\">Us\u0142ugi, kt\u00f3re oferujemy:<\/h3>\n\n\n\n<ul class=\"wp-block-list\">\n<li><strong>Sprzeda\u017c system\u00f3w alarmowych<\/strong> \u2013 oferujemy bogaty wyb\u00f3r urz\u0105dze\u0144, kt\u00f3re spe\u0142niaj\u0105 najwy\u017csze standardy bezpiecze\u0144stwa. Dzi\u0119ki wsp\u00f3\u0142pracy z najlepszymi producentami zapewniamy kompleksow\u0105 ofert\u0119 dostosowan\u0105 do potrzeb naszych klient\u00f3w.<\/li>\n\n\n\n<li><strong>Monta\u017c system\u00f3w alarmowych<\/strong> \u2013 nasi specjali\u015bci wykonuj\u0105 profesjonalny monta\u017c system\u00f3w alarmowych, zar\u00f3wno przewodowych, jak i bezprzewodowych. Zapewniamy szybk\u0105, fachow\u0105 instalacj\u0119, zgodn\u0105 z wymaganiami i normami bezpiecze\u0144stwa.<\/li>\n\n\n\n<li><strong>Serwis system\u00f3w alarmowych<\/strong> \u2013 gwarantujemy kompleksow\u0105 obs\u0142ug\u0119 serwisow\u0105 system\u00f3w alarmowych, obejmuj\u0105c\u0105 konserwacj\u0119, naprawy oraz modernizacj\u0119 istniej\u0105cych instalacji. Nasz serwis jest dost\u0119pny zar\u00f3wno w ramach umowy, jak i jednorazowo.<\/li>\n\n\n\n<li><strong>Szkolenia<\/strong> \u2013 oferujemy szkolenia z obs\u0142ugi system\u00f3w alarmowych, kt\u00f3re pozwol\u0105 Ci na pe\u0142ne wykorzystanie ich potencja\u0142u. Nasi eksperci poka\u017c\u0105 Ci, jak zarz\u0105dza\u0107 systemem alarmowym, jak reagowa\u0107 w przypadku zagro\u017cenia oraz jak dba\u0107 o jego sprawno\u015b\u0107.<\/li>\n<\/ul>\n\n\n\n<p>Zaufaj profesjonalistom i zadbaj o bezpiecze\u0144stwo swojego mienia. Nasze systemy alarmowe to gwarancja niezawodnej ochrony w ka\u017cdej sytuacji. Skontaktuj si\u0119 z nami, aby dowiedzie\u0107 si\u0119 wi\u0119cej o oferowanych us\u0142ugach i dostosowa\u0107 rozwi\u0105zanie do swoich potrzeb.<\/p>\n<\/div>\n\n\n\n<div class=\"wp-block-column is-vertically-aligned-stretch is-layout-flow wp-container-core-column-is-layout-b2a27621 wp-block-column-is-layout-flow\" style=\"padding-top:0;padding-right:0;padding-bottom:0;padding-left:0;flex-basis:33.33%\">\n<figure class=\"wp-block-gallery has-nested-images columns-default is-cropped wp-block-gallery-1 is-layout-flex wp-block-gallery-is-layout-flex\">\n<figure class=\"wp-block-image alignwide size-large\"><img loading=\"lazy\" decoding=\"async\" width=\"1024\" height=\"1024\" data-id=\"117\" src=\"https:\/\/s-service.pl\/wp-content\/uploads\/2025\/01\/20230713_143328-1024x1024.jpg\" alt=\"\" class=\"wp-image-117\" srcset=\"https:\/\/s-service.pl\/wp-content\/uploads\/2025\/01\/20230713_143328-1024x1024.jpg 1024w, https:\/\/s-service.pl\/wp-content\/uploads\/2025\/01\/20230713_143328-300x300.jpg 300w, https:\/\/s-service.pl\/wp-content\/uploads\/2025\/01\/20230713_143328-150x150.jpg 150w, https:\/\/s-service.pl\/wp-content\/uploads\/2025\/01\/20230713_143328-768x768.jpg 768w, https:\/\/s-service.pl\/wp-content\/uploads\/2025\/01\/20230713_143328-1536x1536.jpg 1536w, https:\/\/s-service.pl\/wp-content\/uploads\/2025\/01\/20230713_143328-2048x2048.jpg 2048w\" sizes=\"auto, (max-width: 1024px) 100vw, 1024px\" \/><\/figure>\n\n\n\n<figure class=\"wp-block-image size-large\"><img loading=\"lazy\" decoding=\"async\" width=\"1024\" height=\"1024\" data-id=\"115\" src=\"https:\/\/s-service.pl\/wp-content\/uploads\/2025\/01\/20230711_102415-1024x1024.jpg\" alt=\"Systemy alarmowe \u017cywiec, bielsko\" class=\"wp-image-115\" srcset=\"https:\/\/s-service.pl\/wp-content\/uploads\/2025\/01\/20230711_102415-1024x1024.jpg 1024w, https:\/\/s-service.pl\/wp-content\/uploads\/2025\/01\/20230711_102415-300x300.jpg 300w, https:\/\/s-service.pl\/wp-content\/uploads\/2025\/01\/20230711_102415-150x150.jpg 150w, https:\/\/s-service.pl\/wp-content\/uploads\/2025\/01\/20230711_102415-768x768.jpg 768w, https:\/\/s-service.pl\/wp-content\/uploads\/2025\/01\/20230711_102415-1536x1536.jpg 1536w, https:\/\/s-service.pl\/wp-content\/uploads\/2025\/01\/20230711_102415-2048x2048.jpg 2048w\" sizes=\"auto, (max-width: 1024px) 100vw, 1024px\" \/><\/figure>\n<\/figure>\n<\/div>\n<\/div>\n","protected":false},"excerpt":{"rendered":"<p>Alarmy przewodowe i bezprzewodowe \u2013 Kompleksowe rozwi\u0105zania ochrony Oferujemy profesjonalne systemy alarmowe, kt\u00f3re zapewniaj\u0105 bezpiecze\u0144stwo Twojego domu, firmy lub obiektu. [&hellip;]<\/p>\n","protected":false},"author":1,"featured_media":0,"parent":0,"menu_order":0,"comment_status":"closed","ping_status":"closed","template":"","meta":{"site-sidebar-layout":"default","site-content-layout":"","ast-site-content-layout":"","site-content-style":"default","site-sidebar-style":"default","ast-global-header-display":"","ast-banner-title-visibility":"","ast-main-header-display":"","ast-hfb-above-header-display":"","ast-hfb-below-header-display":"","ast-hfb-mobile-header-display":"","site-post-title":"disabled","ast-breadcrumbs-content":"","ast-featured-img":"","footer-sml-layout":"","theme-transparent-header-meta":"","adv-header-id-meta":"","stick-header-meta":"","header-above-stick-meta":"","header-main-stick-meta":"","header-below-stick-meta":"","astra-migrate-meta-layouts":"default","ast-page-background-enabled":"default","ast-page-background-meta":{"desktop":{"background-color":"var(--ast-global-color-5)","background-image":"","background-repeat":"repeat","background-position":"center center","background-size":"auto","background-attachment":"scroll","background-type":"","background-media":"","overlay-type":"","overlay-color":"","overlay-opacity":"","overlay-gradient":""},"tablet":{"background-color":"","background-image":"","background-repeat":"repeat","background-position":"center center","background-size":"auto","background-attachment":"scroll","background-type":"","background-media":"","overlay-type":"","overlay-color":"","overlay-opacity":"","overlay-gradient":""},"mobile":{"background-color":"","background-image":"","background-repeat":"repeat","background-position":"center center","background-size":"auto","background-attachment":"scroll","background-type":"","background-media":"","overlay-type":"","overlay-color":"","overlay-opacity":"","overlay-gradient":""}},"ast-content-background-meta":{"desktop":{"background-color":"var(--ast-global-color-4)","background-image":"","background-repeat":"repeat","background-position":"center center","background-size":"auto","background-attachment":"scroll","background-type":"","background-media":"","overlay-type":"","overlay-color":"","overlay-opacity":"","overlay-gradient":""},"tablet":{"background-color":"var(--ast-global-color-4)","background-image":"","background-repeat":"repeat","background-position":"center center","background-size":"auto","background-attachment":"scroll","background-type":"","background-media":"","overlay-type":"","overlay-color":"","overlay-opacity":"","overlay-gradient":""},"mobile":{"background-color":"var(--ast-global-color-4)","background-image":"","background-repeat":"repeat","background-position":"center center","background-size":"auto","background-attachment":"scroll","background-type":"","background-media":"","overlay-type":"","overlay-color":"","overlay-opacity":"","overlay-gradient":""}},"footnotes":""},"class_list":["post-124","page","type-page","status-publish","hentry"],"yoast_head":"<!-- This site is optimized with the Yoast SEO plugin v24.3 - https:\/\/yoast.com\/wordpress\/plugins\/seo\/ -->\n<title>Systemy alarmowe - Systemy alarmowe, monitoring, automatyka bramowa i gara\u017cowa, domofony, wideodomofony, szkolenia, przygotowanie zawodowe.<\/title>\n<meta name=\"robots\" content=\"index, follow, max-snippet:-1, max-image-preview:large, max-video-preview:-1\" \/>\n<link rel=\"canonical\" href=\"https:\/\/s-service.pl\/?page_id=124\" \/>\n<meta property=\"og:locale\" content=\"pl_PL\" \/>\n<meta property=\"og:type\" content=\"article\" \/>\n<meta property=\"og:title\" content=\"Systemy alarmowe - Systemy alarmowe, monitoring, automatyka bramowa i gara\u017cowa, domofony, wideodomofony, szkolenia, przygotowanie zawodowe.\" \/>\n<meta property=\"og:description\" content=\"Alarmy przewodowe i bezprzewodowe \u2013 Kompleksowe rozwi\u0105zania ochrony Oferujemy profesjonalne systemy alarmowe, kt\u00f3re zapewniaj\u0105 bezpiecze\u0144stwo Twojego domu, firmy lub obiektu. [&hellip;]\" \/>\n<meta property=\"og:url\" content=\"https:\/\/s-service.pl\/?page_id=124\" \/>\n<meta property=\"og:site_name\" content=\"Systemy alarmowe, monitoring, automatyka bramowa i gara\u017cowa, domofony, wideodomofony, szkolenia, przygotowanie zawodowe.\" \/>\n<meta property=\"article:modified_time\" content=\"2025-01-28T09:14:40+00:00\" \/>\n<meta property=\"og:image\" content=\"https:\/\/s-service.pl\/wp-content\/uploads\/2025\/01\/20230713_143331-scaled.jpg\" \/>\n\t<meta property=\"og:image:width\" content=\"2560\" \/>\n\t<meta property=\"og:image:height\" content=\"2560\" \/>\n\t<meta property=\"og:image:type\" content=\"image\/jpeg\" \/>\n<meta name=\"twitter:card\" content=\"summary_large_image\" \/>\n<meta name=\"twitter:label1\" content=\"Szacowany czas czytania\" \/>\n\t<meta name=\"twitter:data1\" content=\"3 minuty\" \/>\n<script type=\"application\/ld+json\" class=\"yoast-schema-graph\">{\"@context\":\"https:\/\/schema.org\",\"@graph\":[{\"@type\":\"WebPage\",\"@id\":\"https:\/\/s-service.pl\/?page_id=124\",\"url\":\"https:\/\/s-service.pl\/?page_id=124\",\"name\":\"Systemy alarmowe - Systemy alarmowe, monitoring, automatyka bramowa i gara\u017cowa, domofony, wideodomofony, szkolenia, przygotowanie zawodowe.\",\"isPartOf\":{\"@id\":\"https:\/\/s-service.pl\/#website\"},\"primaryImageOfPage\":{\"@id\":\"https:\/\/s-service.pl\/?page_id=124#primaryimage\"},\"image\":{\"@id\":\"https:\/\/s-service.pl\/?page_id=124#primaryimage\"},\"thumbnailUrl\":\"https:\/\/s-service.pl\/wp-content\/uploads\/2025\/01\/20230713_143331-scaled.jpg\",\"datePublished\":\"2025-01-28T00:10:49+00:00\",\"dateModified\":\"2025-01-28T09:14:40+00:00\",\"breadcrumb\":{\"@id\":\"https:\/\/s-service.pl\/?page_id=124#breadcrumb\"},\"inLanguage\":\"pl-PL\",\"potentialAction\":[{\"@type\":\"ReadAction\",\"target\":[\"https:\/\/s-service.pl\/?page_id=124\"]}]},{\"@type\":\"ImageObject\",\"inLanguage\":\"pl-PL\",\"@id\":\"https:\/\/s-service.pl\/?page_id=124#primaryimage\",\"url\":\"https:\/\/s-service.pl\/wp-content\/uploads\/2025\/01\/20230713_143331-scaled.jpg\",\"contentUrl\":\"https:\/\/s-service.pl\/wp-content\/uploads\/2025\/01\/20230713_143331-scaled.jpg\",\"width\":2560,\"height\":2560},{\"@type\":\"BreadcrumbList\",\"@id\":\"https:\/\/s-service.pl\/?page_id=124#breadcrumb\",\"itemListElement\":[{\"@type\":\"ListItem\",\"position\":1,\"name\":\"Strona g\u0142\u00f3wna\",\"item\":\"https:\/\/s-service.pl\/\"},{\"@type\":\"ListItem\",\"position\":2,\"name\":\"Systemy alarmowe\"}]},{\"@type\":\"WebSite\",\"@id\":\"https:\/\/s-service.pl\/#website\",\"url\":\"https:\/\/s-service.pl\/\",\"name\":\"Systemy alarmowe, monitoring, automatyka bramowa i gara\u017cowa, domofony, wideodomofony, szkolenia, przygotowanie zawodowe.\",\"description\":\"Systemy zabezpiecze\u0144, automatyka bramowa, budynkowa, szkolenia\",\"publisher\":{\"@id\":\"https:\/\/s-service.pl\/#organization\"},\"potentialAction\":[{\"@type\":\"SearchAction\",\"target\":{\"@type\":\"EntryPoint\",\"urlTemplate\":\"https:\/\/s-service.pl\/?s={search_term_string}\"},\"query-input\":{\"@type\":\"PropertyValueSpecification\",\"valueRequired\":true,\"valueName\":\"search_term_string\"}}],\"inLanguage\":\"pl-PL\"},{\"@type\":\"Organization\",\"@id\":\"https:\/\/s-service.pl\/#organization\",\"name\":\"Systemy alarmowe, monitoring, automatyka bramowa i gara\u017cowa, domofony, wideodomofony, szkolenia, przygotowanie zawodowe.\",\"url\":\"https:\/\/s-service.pl\/\",\"logo\":{\"@type\":\"ImageObject\",\"inLanguage\":\"pl-PL\",\"@id\":\"https:\/\/s-service.pl\/#\/schema\/logo\/image\/\",\"url\":\"https:\/\/s-service.pl\/wp-content\/uploads\/2025\/01\/cropped-s-service.jpg\",\"contentUrl\":\"https:\/\/s-service.pl\/wp-content\/uploads\/2025\/01\/cropped-s-service.jpg\",\"width\":1158,\"height\":511,\"caption\":\"Systemy alarmowe, monitoring, automatyka bramowa i gara\u017cowa, domofony, wideodomofony, szkolenia, przygotowanie zawodowe.\"},\"image\":{\"@id\":\"https:\/\/s-service.pl\/#\/schema\/logo\/image\/\"}}]}<\/script>\n<!-- \/ Yoast SEO plugin. -->","yoast_head_json":{"title":"Systemy alarmowe - Systemy alarmowe, monitoring, automatyka bramowa i gara\u017cowa, domofony, wideodomofony, szkolenia, przygotowanie zawodowe.","robots":{"index":"index","follow":"follow","max-snippet":"max-snippet:-1","max-image-preview":"max-image-preview:large","max-video-preview":"max-video-preview:-1"},"canonical":"https:\/\/s-service.pl\/?page_id=124","og_locale":"pl_PL","og_type":"article","og_title":"Systemy alarmowe - Systemy alarmowe, monitoring, automatyka bramowa i gara\u017cowa, domofony, wideodomofony, szkolenia, przygotowanie zawodowe.","og_description":"Alarmy przewodowe i bezprzewodowe \u2013 Kompleksowe rozwi\u0105zania ochrony Oferujemy profesjonalne systemy alarmowe, kt\u00f3re zapewniaj\u0105 bezpiecze\u0144stwo Twojego domu, firmy lub obiektu. [&hellip;]","og_url":"https:\/\/s-service.pl\/?page_id=124","og_site_name":"Systemy alarmowe, monitoring, automatyka bramowa i gara\u017cowa, domofony, wideodomofony, szkolenia, przygotowanie zawodowe.","article_modified_time":"2025-01-28T09:14:40+00:00","og_image":[{"width":2560,"height":2560,"url":"https:\/\/s-service.pl\/wp-content\/uploads\/2025\/01\/20230713_143331-scaled.jpg","type":"image\/jpeg"}],"twitter_card":"summary_large_image","twitter_misc":{"Szacowany czas czytania":"3 minuty"},"schema":{"@context":"https:\/\/schema.org","@graph":[{"@type":"WebPage","@id":"https:\/\/s-service.pl\/?page_id=124","url":"https:\/\/s-service.pl\/?page_id=124","name":"Systemy alarmowe - Systemy alarmowe, monitoring, automatyka bramowa i gara\u017cowa, domofony, wideodomofony, szkolenia, przygotowanie zawodowe.","isPartOf":{"@id":"https:\/\/s-service.pl\/#website"},"primaryImageOfPage":{"@id":"https:\/\/s-service.pl\/?page_id=124#primaryimage"},"image":{"@id":"https:\/\/s-service.pl\/?page_id=124#primaryimage"},"thumbnailUrl":"https:\/\/s-service.pl\/wp-content\/uploads\/2025\/01\/20230713_143331-scaled.jpg","datePublished":"2025-01-28T00:10:49+00:00","dateModified":"2025-01-28T09:14:40+00:00","breadcrumb":{"@id":"https:\/\/s-service.pl\/?page_id=124#breadcrumb"},"inLanguage":"pl-PL","potentialAction":[{"@type":"ReadAction","target":["https:\/\/s-service.pl\/?page_id=124"]}]},{"@type":"ImageObject","inLanguage":"pl-PL","@id":"https:\/\/s-service.pl\/?page_id=124#primaryimage","url":"https:\/\/s-service.pl\/wp-content\/uploads\/2025\/01\/20230713_143331-scaled.jpg","contentUrl":"https:\/\/s-service.pl\/wp-content\/uploads\/2025\/01\/20230713_143331-scaled.jpg","width":2560,"height":2560},{"@type":"BreadcrumbList","@id":"https:\/\/s-service.pl\/?page_id=124#breadcrumb","itemListElement":[{"@type":"ListItem","position":1,"name":"Strona g\u0142\u00f3wna","item":"https:\/\/s-service.pl\/"},{"@type":"ListItem","position":2,"name":"Systemy alarmowe"}]},{"@type":"WebSite","@id":"https:\/\/s-service.pl\/#website","url":"https:\/\/s-service.pl\/","name":"Systemy alarmowe, monitoring, automatyka bramowa i gara\u017cowa, domofony, wideodomofony, szkolenia, przygotowanie zawodowe.","description":"Systemy zabezpiecze\u0144, automatyka bramowa, budynkowa, szkolenia","publisher":{"@id":"https:\/\/s-service.pl\/#organization"},"potentialAction":[{"@type":"SearchAction","target":{"@type":"EntryPoint","urlTemplate":"https:\/\/s-service.pl\/?s={search_term_string}"},"query-input":{"@type":"PropertyValueSpecification","valueRequired":true,"valueName":"search_term_string"}}],"inLanguage":"pl-PL"},{"@type":"Organization","@id":"https:\/\/s-service.pl\/#organization","name":"Systemy alarmowe, monitoring, automatyka bramowa i gara\u017cowa, domofony, wideodomofony, szkolenia, przygotowanie zawodowe.","url":"https:\/\/s-service.pl\/","logo":{"@type":"ImageObject","inLanguage":"pl-PL","@id":"https:\/\/s-service.pl\/#\/schema\/logo\/image\/","url":"https:\/\/s-service.pl\/wp-content\/uploads\/2025\/01\/cropped-s-service.jpg","contentUrl":"https:\/\/s-service.pl\/wp-content\/uploads\/2025\/01\/cropped-s-service.jpg","width":1158,"height":511,"caption":"Systemy alarmowe, monitoring, automatyka bramowa i gara\u017cowa, domofony, wideodomofony, szkolenia, przygotowanie zawodowe."},"image":{"@id":"https:\/\/s-service.pl\/#\/schema\/logo\/image\/"}}]}},"_links":{"self":[{"href":"https:\/\/s-service.pl\/index.php?rest_route=\/wp\/v2\/pages\/124","targetHints":{"allow":["GET"]}}],"collection":[{"href":"https:\/\/s-service.pl\/index.php?rest_route=\/wp\/v2\/pages"}],"about":[{"href":"https:\/\/s-service.pl\/index.php?rest_route=\/wp\/v2\/types\/page"}],"author":[{"embeddable":true,"href":"https:\/\/s-service.pl\/index.php?rest_route=\/wp\/v2\/users\/1"}],"replies":[{"embeddable":true,"href":"https:\/\/s-service.pl\/index.php?rest_route=%2Fwp%2Fv2%2Fcomments&post=124"}],"version-history":[{"count":12,"href":"https:\/\/s-service.pl\/index.php?rest_route=\/wp\/v2\/pages\/124\/revisions"}],"predecessor-version":[{"id":169,"href":"https:\/\/s-service.pl\/index.php?rest_route=\/wp\/v2\/pages\/124\/revisions\/169"}],"wp:attachment":[{"href":"https:\/\/s-service.pl\/index.php?rest_route=%2Fwp%2Fv2%2Fmedia&parent=124"}],"curies":[{"name":"wp","href":"https:\/\/api.w.org\/{rel}","templated":true}]}}